{"id":3,"date":"2025-12-15T18:47:11","date_gmt":"2025-12-15T18:47:11","guid":{"rendered":"https:\/\/restauranteascuas.com\/?page_id=3"},"modified":"2025-12-26T15:57:35","modified_gmt":"2025-12-26T15:57:35","slug":"aviso-legal","status":"publish","type":"page","link":"https:\/\/restauranteascuas.com\/en\/aviso-legal\/","title":{"rendered":"Aviso Legal"},"content":{"rendered":"<style>.wp-block-kadence-advancedheading.kt-adv-heading3_832dfe-67, .wp-block-kadence-advancedheading.kt-adv-heading3_832dfe-67[data-kb-block=\"kb-adv-heading3_832dfe-67\"]{font-style:normal;}.wp-block-kadence-advancedheading.kt-adv-heading3_832dfe-67 mark.kt-highlight, .wp-block-kadence-advancedheading.kt-adv-heading3_832dfe-67[data-kb-block=\"kb-adv-heading3_832dfe-67\"] mark.kt-highlight{font-style:normal;color:#f76a0c;-webkit-box-decoration-break:clone;box-decoration-break:clone;padding-top:0px;padding-right:0px;padding-bottom:0px;padding-left:0px;}.wp-block-kadence-advancedheading.kt-adv-heading3_832dfe-67 img.kb-inline-image, .wp-block-kadence-advancedheading.kt-adv-heading3_832dfe-67[data-kb-block=\"kb-adv-heading3_832dfe-67\"] img.kb-inline-image{width:150px;vertical-align:baseline;}<\/style>\n<h3 class=\"kt-adv-heading3_832dfe-67 wp-block-kadence-advancedheading\" data-kb-block=\"kb-adv-heading3_832dfe-67\">1. IDENTIFICACI\u00d3N DEL TITULAR:<\/h3>\n\n\n<style>.wp-block-kadence-advancedheading.kt-adv-heading3_2189e4-99, .wp-block-kadence-advancedheading.kt-adv-heading3_2189e4-99[data-kb-block=\"kb-adv-heading3_2189e4-99\"]{font-style:normal;color:#000000;}.wp-block-kadence-advancedheading.kt-adv-heading3_2189e4-99 mark.kt-highlight, .wp-block-kadence-advancedheading.kt-adv-heading3_2189e4-99[data-kb-block=\"kb-adv-heading3_2189e4-99\"] mark.kt-highlight{font-style:normal;color:#f76a0c;-webkit-box-decoration-break:clone;box-decoration-break:clone;padding-top:0px;padding-right:0px;padding-bottom:0px;padding-left:0px;}.wp-block-kadence-advancedheading.kt-adv-heading3_2189e4-99 img.kb-inline-image, .wp-block-kadence-advancedheading.kt-adv-heading3_2189e4-99[data-kb-block=\"kb-adv-heading3_2189e4-99\"] img.kb-inline-image{width:150px;vertical-align:baseline;}<\/style>\n<h3 class=\"kt-adv-heading3_2189e4-99 wp-block-kadence-advancedheading\" data-kb-block=\"kb-adv-heading3_2189e4-99\"><br>-Nombre o Raz\u00f3n Social: Francisco Javier Fernandez Arcas<br>-NIF\/CIF: 25708491B<br>-Direcci\u00f3n: Calle Fandango, 9, 29620 Torremolinos, M\u00e1laga.<br>-Correo Electr\u00f3nico:<a href=\"https:\/\/www.google.com\/search?q=ascuas+grill+%26+wine&amp;oq=ascuas+grill+%26+wine&amp;gs_lcrp=EgZjaHJvbWUqDAgAECMYJxiABBiKBTIMCAAQIxgnGIAEGIoFMhAIARAuGK8BGMcBGIAEGI4FMggIAhBFGCcYOzIGCAMQRRg7MgcIBBAAGIAEMgYIBRBFGDwyBggGEEUYPDIGCAcQRRg80gEHODU1ajBqN6gCALACAA&amp;sourceid=chrome&amp;ie=UTF-8#\"> <\/a><span \n                data-original-string='vBO+GlaI+uE6cwnDHtM2Xw==ffbM\/29Y7rW\/r\/Cd6sUkU50qoF0wSBBjQsGZOLcwi0RI50='\n                class='apbct-email-encoder'\n                title='This contact has been encoded by Anti-Spam by CleanTalk. Click to decode. To finish the decoding make sure that JavaScript is enabled in your browser.'>vi<span class=\"apbct-blur\">**********<\/span>@<span class=\"apbct-blur\">***<\/span>il.com<\/span><br>-Tel\u00e9fono: 639 81 06 90<br><\/h3>\n\n\n<style>.wp-block-kadence-advancedheading.kt-adv-heading3_33d364-fd, .wp-block-kadence-advancedheading.kt-adv-heading3_33d364-fd[data-kb-block=\"kb-adv-heading3_33d364-fd\"]{font-style:normal;}.wp-block-kadence-advancedheading.kt-adv-heading3_33d364-fd mark.kt-highlight, .wp-block-kadence-advancedheading.kt-adv-heading3_33d364-fd[data-kb-block=\"kb-adv-heading3_33d364-fd\"] mark.kt-highlight{font-style:normal;color:#f76a0c;-webkit-box-decoration-break:clone;box-decoration-break:clone;padding-top:0px;padding-right:0px;padding-bottom:0px;padding-left:0px;}.wp-block-kadence-advancedheading.kt-adv-heading3_33d364-fd img.kb-inline-image, .wp-block-kadence-advancedheading.kt-adv-heading3_33d364-fd[data-kb-block=\"kb-adv-heading3_33d364-fd\"] img.kb-inline-image{width:150px;vertical-align:baseline;}<\/style>\n<h3 class=\"kt-adv-heading3_33d364-fd wp-block-kadence-advancedheading\" data-kb-block=\"kb-adv-heading3_33d364-fd\">2. PROPIEDAD INTELECTUAL:<br>Todos los derechos de propiedad intelectual del contenido de este sitio web son propiedad exclusiva de Francisco Javier Fernandez Arcas<\/h3>\n\n\n<style>.wp-block-kadence-advancedheading.kt-adv-heading3_63c78f-8a, .wp-block-kadence-advancedheading.kt-adv-heading3_63c78f-8a[data-kb-block=\"kb-adv-heading3_63c78f-8a\"]{font-style:normal;}.wp-block-kadence-advancedheading.kt-adv-heading3_63c78f-8a mark.kt-highlight, .wp-block-kadence-advancedheading.kt-adv-heading3_63c78f-8a[data-kb-block=\"kb-adv-heading3_63c78f-8a\"] mark.kt-highlight{font-style:normal;color:#f76a0c;-webkit-box-decoration-break:clone;box-decoration-break:clone;padding-top:0px;padding-right:0px;padding-bottom:0px;padding-left:0px;}.wp-block-kadence-advancedheading.kt-adv-heading3_63c78f-8a img.kb-inline-image, .wp-block-kadence-advancedheading.kt-adv-heading3_63c78f-8a[data-kb-block=\"kb-adv-heading3_63c78f-8a\"] img.kb-inline-image{width:150px;vertical-align:baseline;}<\/style>\n<h3 class=\"kt-adv-heading3_63c78f-8a wp-block-kadence-advancedheading\" data-kb-block=\"kb-adv-heading3_63c78f-8a\">3. USO CORRECTO DEL SITIO WEB:<br>El usuario se compromete a utilizar el sitio web de conformidad con la ley, la moral y el orden p\u00fablico, y los t\u00e9rminos y condiciones establecidos en este Aviso Legal.<\/h3>\n\n\n<style>.wp-block-kadence-advancedheading.kt-adv-heading3_176708-1a, .wp-block-kadence-advancedheading.kt-adv-heading3_176708-1a[data-kb-block=\"kb-adv-heading3_176708-1a\"]{font-style:normal;}.wp-block-kadence-advancedheading.kt-adv-heading3_176708-1a mark.kt-highlight, .wp-block-kadence-advancedheading.kt-adv-heading3_176708-1a[data-kb-block=\"kb-adv-heading3_176708-1a\"] mark.kt-highlight{font-style:normal;color:#f76a0c;-webkit-box-decoration-break:clone;box-decoration-break:clone;padding-top:0px;padding-right:0px;padding-bottom:0px;padding-left:0px;}.wp-block-kadence-advancedheading.kt-adv-heading3_176708-1a img.kb-inline-image, .wp-block-kadence-advancedheading.kt-adv-heading3_176708-1a[data-kb-block=\"kb-adv-heading3_176708-1a\"] img.kb-inline-image{width:150px;vertical-align:baseline;}<\/style>\n<h3 class=\"kt-adv-heading3_176708-1a wp-block-kadence-advancedheading\" data-kb-block=\"kb-adv-heading3_176708-1a\">4. LIMITACI\u00d3N DE RESPONSABILIDAD:<br>La empresa Francisco Javier Fernandez Arcas limita su responsabilidad por cualquier error, interrupci\u00f3n del servicio u otros problemas que puedan surgir al utilizar este sitio web.<\/h3>\n\n\n<style>.wp-block-kadence-advancedheading.kt-adv-heading3_90d279-30, .wp-block-kadence-advancedheading.kt-adv-heading3_90d279-30[data-kb-block=\"kb-adv-heading3_90d279-30\"]{font-style:normal;}.wp-block-kadence-advancedheading.kt-adv-heading3_90d279-30 mark.kt-highlight, .wp-block-kadence-advancedheading.kt-adv-heading3_90d279-30[data-kb-block=\"kb-adv-heading3_90d279-30\"] mark.kt-highlight{font-style:normal;color:#f76a0c;-webkit-box-decoration-break:clone;box-decoration-break:clone;padding-top:0px;padding-right:0px;padding-bottom:0px;padding-left:0px;}.wp-block-kadence-advancedheading.kt-adv-heading3_90d279-30 img.kb-inline-image, .wp-block-kadence-advancedheading.kt-adv-heading3_90d279-30[data-kb-block=\"kb-adv-heading3_90d279-30\"] img.kb-inline-image{width:150px;vertical-align:baseline;}<\/style>\n<h3 class=\"kt-adv-heading3_90d279-30 wp-block-kadence-advancedheading\" data-kb-block=\"kb-adv-heading3_90d279-30\">5. ENLACES EXTERNOS:<br>Este sitio web puede contener enlaces a sitios web de terceros.Francisco Javier Fernandez Arcas no es responsable de las pr\u00e1cticas de privacidad ni del contenido de esos sitios.<\/h3>\n\n\n<style>.wp-block-kadence-advancedheading.kt-adv-heading3_0f0f1c-9a, .wp-block-kadence-advancedheading.kt-adv-heading3_0f0f1c-9a[data-kb-block=\"kb-adv-heading3_0f0f1c-9a\"]{font-style:normal;}.wp-block-kadence-advancedheading.kt-adv-heading3_0f0f1c-9a mark.kt-highlight, .wp-block-kadence-advancedheading.kt-adv-heading3_0f0f1c-9a[data-kb-block=\"kb-adv-heading3_0f0f1c-9a\"] mark.kt-highlight{font-style:normal;color:#f76a0c;-webkit-box-decoration-break:clone;box-decoration-break:clone;padding-top:0px;padding-right:0px;padding-bottom:0px;padding-left:0px;}.wp-block-kadence-advancedheading.kt-adv-heading3_0f0f1c-9a img.kb-inline-image, .wp-block-kadence-advancedheading.kt-adv-heading3_0f0f1c-9a[data-kb-block=\"kb-adv-heading3_0f0f1c-9a\"] img.kb-inline-image{width:150px;vertical-align:baseline;}<\/style>\n<h3 class=\"kt-adv-heading3_0f0f1c-9a wp-block-kadence-advancedheading\" data-kb-block=\"kb-adv-heading3_0f0f1c-9a\">6. PROTECCI\u00d3N DE DATOS PERSONALES:<br>Este sitio web no recopila datos personales sin el consentimiento del usuario. Consulta nuestra Pol\u00edtica de Privacidad para m\u00e1s informaci\u00f3n.<\/h3>\n\n\n<style>.wp-block-kadence-advancedheading.kt-adv-heading3_5373b9-62, .wp-block-kadence-advancedheading.kt-adv-heading3_5373b9-62[data-kb-block=\"kb-adv-heading3_5373b9-62\"]{font-style:normal;}.wp-block-kadence-advancedheading.kt-adv-heading3_5373b9-62 mark.kt-highlight, .wp-block-kadence-advancedheading.kt-adv-heading3_5373b9-62[data-kb-block=\"kb-adv-heading3_5373b9-62\"] mark.kt-highlight{font-style:normal;color:#f76a0c;-webkit-box-decoration-break:clone;box-decoration-break:clone;padding-top:0px;padding-right:0px;padding-bottom:0px;padding-left:0px;}.wp-block-kadence-advancedheading.kt-adv-heading3_5373b9-62 img.kb-inline-image, .wp-block-kadence-advancedheading.kt-adv-heading3_5373b9-62[data-kb-block=\"kb-adv-heading3_5373b9-62\"] img.kb-inline-image{width:150px;vertical-align:baseline;}<\/style>\n<h3 class=\"kt-adv-heading3_5373b9-62 wp-block-kadence-advancedheading\" data-kb-block=\"kb-adv-heading3_5373b9-62\">7. COOKIES:<\/h3>\n\n\n<style>.wp-block-kadence-advancedheading.kt-adv-heading3_171095-c4, .wp-block-kadence-advancedheading.kt-adv-heading3_171095-c4[data-kb-block=\"kb-adv-heading3_171095-c4\"]{font-style:normal;}.wp-block-kadence-advancedheading.kt-adv-heading3_171095-c4 mark.kt-highlight, .wp-block-kadence-advancedheading.kt-adv-heading3_171095-c4[data-kb-block=\"kb-adv-heading3_171095-c4\"] mark.kt-highlight{font-style:normal;color:#f76a0c;-webkit-box-decoration-break:clone;box-decoration-break:clone;padding-top:0px;padding-right:0px;padding-bottom:0px;padding-left:0px;}.wp-block-kadence-advancedheading.kt-adv-heading3_171095-c4 img.kb-inline-image, .wp-block-kadence-advancedheading.kt-adv-heading3_171095-c4[data-kb-block=\"kb-adv-heading3_171095-c4\"] img.kb-inline-image{width:150px;vertical-align:baseline;}<\/style>\n<h3 class=\"kt-adv-heading3_171095-c4 wp-block-kadence-advancedheading\" data-kb-block=\"kb-adv-heading3_171095-c4\">Este sitio web no utiliza cookies ni tecnolog\u00edas de rastreo que afecten la privacidad del usuario.<\/h3>\n\n\n<style>.wp-block-kadence-advancedheading.kt-adv-heading3_b1c125-f5, .wp-block-kadence-advancedheading.kt-adv-heading3_b1c125-f5[data-kb-block=\"kb-adv-heading3_b1c125-f5\"]{font-style:normal;}.wp-block-kadence-advancedheading.kt-adv-heading3_b1c125-f5 mark.kt-highlight, .wp-block-kadence-advancedheading.kt-adv-heading3_b1c125-f5[data-kb-block=\"kb-adv-heading3_b1c125-f5\"] mark.kt-highlight{font-style:normal;color:#f76a0c;-webkit-box-decoration-break:clone;box-decoration-break:clone;padding-top:0px;padding-right:0px;padding-bottom:0px;padding-left:0px;}.wp-block-kadence-advancedheading.kt-adv-heading3_b1c125-f5 img.kb-inline-image, .wp-block-kadence-advancedheading.kt-adv-heading3_b1c125-f5[data-kb-block=\"kb-adv-heading3_b1c125-f5\"] img.kb-inline-image{width:150px;vertical-align:baseline;}<\/style>\n<h3 class=\"kt-adv-heading3_b1c125-f5 wp-block-kadence-advancedheading\" data-kb-block=\"kb-adv-heading3_b1c125-f5\">8. LEY APLICABLE Y JURISDICCI\u00d3N:<br>Este Aviso Legal se rige por la legislaci\u00f3n espa\u00f1ola. Para cualquier controversia que pueda surgir, las partes se someten a la jurisdicci\u00f3n de los tribunales de M\u00e1laga.<\/h3>\n\n\n<style>.wp-block-kadence-advancedheading.kt-adv-heading3_b2777b-0a, .wp-block-kadence-advancedheading.kt-adv-heading3_b2777b-0a[data-kb-block=\"kb-adv-heading3_b2777b-0a\"]{font-style:normal;}.wp-block-kadence-advancedheading.kt-adv-heading3_b2777b-0a mark.kt-highlight, .wp-block-kadence-advancedheading.kt-adv-heading3_b2777b-0a[data-kb-block=\"kb-adv-heading3_b2777b-0a\"] mark.kt-highlight{font-style:normal;color:#f76a0c;-webkit-box-decoration-break:clone;box-decoration-break:clone;padding-top:0px;padding-right:0px;padding-bottom:0px;padding-left:0px;}.wp-block-kadence-advancedheading.kt-adv-heading3_b2777b-0a img.kb-inline-image, .wp-block-kadence-advancedheading.kt-adv-heading3_b2777b-0a[data-kb-block=\"kb-adv-heading3_b2777b-0a\"] img.kb-inline-image{width:150px;vertical-align:baseline;}<\/style>\n<h3 class=\"kt-adv-heading3_b2777b-0a wp-block-kadence-advancedheading\" data-kb-block=\"kb-adv-heading3_b2777b-0a\">9. CAMBIOS EN EL AVISO LEGAL:<br>Francisco Javier Fernandez Arcas se reserva el derecho de modificar este Aviso Legal en cualquier momento. Se notificar\u00e1n cambios significativos.<\/h3>\n\n\n<style>.wp-block-kadence-advancedheading.kt-adv-heading3_cdcbd0-f5, .wp-block-kadence-advancedheading.kt-adv-heading3_cdcbd0-f5[data-kb-block=\"kb-adv-heading3_cdcbd0-f5\"]{font-style:normal;}.wp-block-kadence-advancedheading.kt-adv-heading3_cdcbd0-f5 mark.kt-highlight, .wp-block-kadence-advancedheading.kt-adv-heading3_cdcbd0-f5[data-kb-block=\"kb-adv-heading3_cdcbd0-f5\"] mark.kt-highlight{font-style:normal;color:#f76a0c;-webkit-box-decoration-break:clone;box-decoration-break:clone;padding-top:0px;padding-right:0px;padding-bottom:0px;padding-left:0px;}.wp-block-kadence-advancedheading.kt-adv-heading3_cdcbd0-f5 img.kb-inline-image, .wp-block-kadence-advancedheading.kt-adv-heading3_cdcbd0-f5[data-kb-block=\"kb-adv-heading3_cdcbd0-f5\"] img.kb-inline-image{width:150px;vertical-align:baseline;}<\/style>\n<h3 class=\"kt-adv-heading3_cdcbd0-f5 wp-block-kadence-advancedheading\" data-kb-block=\"kb-adv-heading3_cdcbd0-f5\">10. CONTACTO:<br>Para preguntas o inquietudes sobre este Aviso Legal, cont\u00e1ctanos a trav\u00e9s de\u00a0<span \n                data-original-string='f11n+yCGPNOKeMUOqhAR0w==ffbtoP5ZNBZ3YjGwPR5KSygzYK0hVFcRBm24uzmIPHnUg8='\n                class='apbct-email-encoder'\n                title='This contact has been encoded by Anti-Spam by CleanTalk. Click to decode. To finish the decoding make sure that JavaScript is enabled in your browser.'>vi<span class=\"apbct-blur\">**********<\/span>@<span class=\"apbct-blur\">***<\/span>il.com<\/span><br>Este Aviso Legal puede ser modificado en cualquier momento, por lo que se recomienda revisarlo peri\u00f3dicamente.<\/h3>\n\n\n\n<p><\/p>\n","protected":false},"excerpt":{"rendered":"<p>1. IDENTIFICACI\u00d3N DEL TITULAR: -Nombre o Raz\u00f3n Social: Francisco Javier Fernandez Arcas-NIF\/CIF: 25708491B-Direcci\u00f3n: Calle Fandango, 9, 29620 Torremolinos, M\u00e1laga.-Correo Electr\u00f3nico: vi**********@***il.com-Tel\u00e9fono: 639 81 06 90 2. PROPIEDAD INTELECTUAL:Todos los derechos de propiedad intelectual del contenido de este sitio web son propiedad exclusiva de Francisco Javier Fernandez Arcas 3. USO CORRECTO DEL SITIO WEB:El usuario se&#8230;<\/p>","protected":false},"author":1,"featured_media":0,"parent":0,"menu_order":0,"comment_status":"closed","ping_status":"open","template":"","meta":{"_kadence_starter_templates_imported_post":false,"_kad_post_transparent":"","_kad_post_title":"","_kad_post_layout":"","_kad_post_sidebar_id":"","_kad_post_content_style":"","_kad_post_vertical_padding":"","_kad_post_feature":"","_kad_post_feature_position":"","_kad_post_header":false,"_kad_post_footer":false,"_kad_post_classname":"","footnotes":""},"class_list":["post-3","page","type-page","status-publish","hentry"],"yoast_head":"<!-- This site is optimized with the Yoast SEO plugin v27.3 - https:\/\/yoast.com\/product\/yoast-seo-wordpress\/ -->\n<title>Aviso Legal | Ascuas Grill and Wine<\/title>\n<meta name=\"description\" content=\"Consulta las condiciones legales, titularidad y t\u00e9rminos de uso del sitio web oficial de Ascuas Grill and Wine. Compromiso con la transparencia y seguridad.\" \/>\n<meta name=\"robots\" content=\"index, follow, max-snippet:-1, max-image-preview:large, max-video-preview:-1\" \/>\n<link rel=\"canonical\" href=\"https:\/\/restauranteascuas.com\/en\/aviso-legal\/\" \/>\n<meta property=\"og:locale\" content=\"en_GB\" \/>\n<meta property=\"og:type\" content=\"article\" \/>\n<meta property=\"og:title\" content=\"Aviso Legal | Ascuas Grill and Wine\" \/>\n<meta property=\"og:description\" content=\"Consulta las condiciones legales, titularidad y t\u00e9rminos de uso del sitio web oficial de Ascuas Grill and Wine. Compromiso con la transparencia y seguridad.\" \/>\n<meta property=\"og:url\" content=\"https:\/\/restauranteascuas.com\/en\/aviso-legal\/\" \/>\n<meta property=\"og:site_name\" content=\"Ascuas Grill and Wine\" \/>\n<meta property=\"article:modified_time\" content=\"2025-12-26T15:57:35+00:00\" \/>\n<meta property=\"og:image\" content=\"https:\/\/restauranteascuas.com\/wp-content\/uploads\/2025\/12\/cropped-unnamed-1.jpg\" \/>\n\t<meta property=\"og:image:width\" content=\"512\" \/>\n\t<meta property=\"og:image:height\" content=\"512\" \/>\n\t<meta property=\"og:image:type\" content=\"image\/jpeg\" \/>\n<meta name=\"twitter:card\" content=\"summary_large_image\" \/>\n<meta name=\"twitter:label1\" content=\"Estimated reading time\" \/>\n\t<meta name=\"twitter:data1\" content=\"2 minutes\" \/>\n<script type=\"application\/ld+json\" class=\"yoast-schema-graph\">{\"@context\":\"https:\\\/\\\/schema.org\",\"@graph\":[{\"@type\":\"WebPage\",\"@id\":\"https:\\\/\\\/restauranteascuas.com\\\/aviso-legal\\\/\",\"url\":\"https:\\\/\\\/restauranteascuas.com\\\/aviso-legal\\\/\",\"name\":\"Aviso Legal | Ascuas Grill and Wine\",\"isPartOf\":{\"@id\":\"https:\\\/\\\/restauranteascuas.com\\\/#website\"},\"datePublished\":\"2025-12-15T18:47:11+00:00\",\"dateModified\":\"2025-12-26T15:57:35+00:00\",\"description\":\"Consulta las condiciones legales, titularidad y t\u00e9rminos de uso del sitio web oficial de Ascuas Grill and Wine. Compromiso con la transparencia y seguridad.\",\"breadcrumb\":{\"@id\":\"https:\\\/\\\/restauranteascuas.com\\\/aviso-legal\\\/#breadcrumb\"},\"inLanguage\":\"en-GB\",\"potentialAction\":[{\"@type\":\"ReadAction\",\"target\":[\"https:\\\/\\\/restauranteascuas.com\\\/aviso-legal\\\/\"]}]},{\"@type\":\"BreadcrumbList\",\"@id\":\"https:\\\/\\\/restauranteascuas.com\\\/aviso-legal\\\/#breadcrumb\",\"itemListElement\":[{\"@type\":\"ListItem\",\"position\":1,\"name\":\"Portada\",\"item\":\"https:\\\/\\\/restauranteascuas.com\\\/\"},{\"@type\":\"ListItem\",\"position\":2,\"name\":\"Aviso Legal\"}]},{\"@type\":\"WebSite\",\"@id\":\"https:\\\/\\\/restauranteascuas.com\\\/#website\",\"url\":\"https:\\\/\\\/restauranteascuas.com\\\/\",\"name\":\"Ascuas Grill and Wine\",\"description\":\"Maestros del fuego: desde el sellado perfecto de la parrilla abierta hasta la ternura infinita de nuestro horno de carb\u00f3n con le\u00f1a de encina.\",\"publisher\":{\"@id\":\"https:\\\/\\\/restauranteascuas.com\\\/#organization\"},\"alternateName\":\"Ascuas Grill\",\"potentialAction\":[{\"@type\":\"SearchAction\",\"target\":{\"@type\":\"EntryPoint\",\"urlTemplate\":\"https:\\\/\\\/restauranteascuas.com\\\/?s={search_term_string}\"},\"query-input\":{\"@type\":\"PropertyValueSpecification\",\"valueRequired\":true,\"valueName\":\"search_term_string\"}}],\"inLanguage\":\"en-GB\"},{\"@type\":\"Organization\",\"@id\":\"https:\\\/\\\/restauranteascuas.com\\\/#organization\",\"name\":\"Ascuas Grill & Wine\",\"alternateName\":\"Ascuas Grill\",\"url\":\"https:\\\/\\\/restauranteascuas.com\\\/\",\"logo\":{\"@type\":\"ImageObject\",\"inLanguage\":\"en-GB\",\"@id\":\"https:\\\/\\\/restauranteascuas.com\\\/#\\\/schema\\\/logo\\\/image\\\/\",\"url\":\"https:\\\/\\\/restauranteascuas.com\\\/wp-content\\\/uploads\\\/2025\\\/12\\\/cropped-unnamed-1.jpg\",\"contentUrl\":\"https:\\\/\\\/restauranteascuas.com\\\/wp-content\\\/uploads\\\/2025\\\/12\\\/cropped-unnamed-1.jpg\",\"width\":512,\"height\":512,\"caption\":\"Ascuas Grill & Wine\"},\"image\":{\"@id\":\"https:\\\/\\\/restauranteascuas.com\\\/#\\\/schema\\\/logo\\\/image\\\/\"}}]}<\/script>\n<!-- \/ Yoast SEO plugin. -->","yoast_head_json":{"title":"Aviso Legal | Ascuas Grill and Wine","description":"Consulta las condiciones legales, titularidad y t\u00e9rminos de uso del sitio web oficial de Ascuas Grill and Wine. Compromiso con la transparencia y seguridad.","robots":{"index":"index","follow":"follow","max-snippet":"max-snippet:-1","max-image-preview":"max-image-preview:large","max-video-preview":"max-video-preview:-1"},"canonical":"https:\/\/restauranteascuas.com\/en\/aviso-legal\/","og_locale":"en_GB","og_type":"article","og_title":"Aviso Legal | Ascuas Grill and Wine","og_description":"Consulta las condiciones legales, titularidad y t\u00e9rminos de uso del sitio web oficial de Ascuas Grill and Wine. Compromiso con la transparencia y seguridad.","og_url":"https:\/\/restauranteascuas.com\/en\/aviso-legal\/","og_site_name":"Ascuas Grill and Wine","article_modified_time":"2025-12-26T15:57:35+00:00","og_image":[{"width":512,"height":512,"url":"https:\/\/restauranteascuas.com\/wp-content\/uploads\/2025\/12\/cropped-unnamed-1.jpg","type":"image\/jpeg"}],"twitter_card":"summary_large_image","twitter_misc":{"Estimated reading time":"2 minutes"},"schema":{"@context":"https:\/\/schema.org","@graph":[{"@type":"WebPage","@id":"https:\/\/restauranteascuas.com\/aviso-legal\/","url":"https:\/\/restauranteascuas.com\/aviso-legal\/","name":"Aviso Legal | Ascuas Grill and Wine","isPartOf":{"@id":"https:\/\/restauranteascuas.com\/#website"},"datePublished":"2025-12-15T18:47:11+00:00","dateModified":"2025-12-26T15:57:35+00:00","description":"Consulta las condiciones legales, titularidad y t\u00e9rminos de uso del sitio web oficial de Ascuas Grill and Wine. Compromiso con la transparencia y seguridad.","breadcrumb":{"@id":"https:\/\/restauranteascuas.com\/aviso-legal\/#breadcrumb"},"inLanguage":"en-GB","potentialAction":[{"@type":"ReadAction","target":["https:\/\/restauranteascuas.com\/aviso-legal\/"]}]},{"@type":"BreadcrumbList","@id":"https:\/\/restauranteascuas.com\/aviso-legal\/#breadcrumb","itemListElement":[{"@type":"ListItem","position":1,"name":"Portada","item":"https:\/\/restauranteascuas.com\/"},{"@type":"ListItem","position":2,"name":"Aviso Legal"}]},{"@type":"WebSite","@id":"https:\/\/restauranteascuas.com\/#website","url":"https:\/\/restauranteascuas.com\/","name":"Ascuas Grill and Wine","description":"Maestros del fuego: desde el sellado perfecto de la parrilla abierta hasta la ternura infinita de nuestro horno de carb\u00f3n con le\u00f1a de encina.","publisher":{"@id":"https:\/\/restauranteascuas.com\/#organization"},"alternateName":"Ascuas Grill","potentialAction":[{"@type":"SearchAction","target":{"@type":"EntryPoint","urlTemplate":"https:\/\/restauranteascuas.com\/?s={search_term_string}"},"query-input":{"@type":"PropertyValueSpecification","valueRequired":true,"valueName":"search_term_string"}}],"inLanguage":"en-GB"},{"@type":"Organization","@id":"https:\/\/restauranteascuas.com\/#organization","name":"Ascuas Grill & Wine","alternateName":"Ascuas Grill","url":"https:\/\/restauranteascuas.com\/","logo":{"@type":"ImageObject","inLanguage":"en-GB","@id":"https:\/\/restauranteascuas.com\/#\/schema\/logo\/image\/","url":"https:\/\/restauranteascuas.com\/wp-content\/uploads\/2025\/12\/cropped-unnamed-1.jpg","contentUrl":"https:\/\/restauranteascuas.com\/wp-content\/uploads\/2025\/12\/cropped-unnamed-1.jpg","width":512,"height":512,"caption":"Ascuas Grill & Wine"},"image":{"@id":"https:\/\/restauranteascuas.com\/#\/schema\/logo\/image\/"}}]}},"_hostinger_reach_plugin_has_subscription_block":false,"_hostinger_reach_plugin_is_elementor":false,"_links":{"self":[{"href":"https:\/\/restauranteascuas.com\/en\/wp-json\/wp\/v2\/pages\/3","targetHints":{"allow":["GET"]}}],"collection":[{"href":"https:\/\/restauranteascuas.com\/en\/wp-json\/wp\/v2\/pages"}],"about":[{"href":"https:\/\/restauranteascuas.com\/en\/wp-json\/wp\/v2\/types\/page"}],"author":[{"embeddable":true,"href":"https:\/\/restauranteascuas.com\/en\/wp-json\/wp\/v2\/users\/1"}],"replies":[{"embeddable":true,"href":"https:\/\/restauranteascuas.com\/en\/wp-json\/wp\/v2\/comments?post=3"}],"version-history":[{"count":2,"href":"https:\/\/restauranteascuas.com\/en\/wp-json\/wp\/v2\/pages\/3\/revisions"}],"predecessor-version":[{"id":692,"href":"https:\/\/restauranteascuas.com\/en\/wp-json\/wp\/v2\/pages\/3\/revisions\/692"}],"wp:attachment":[{"href":"https:\/\/restauranteascuas.com\/en\/wp-json\/wp\/v2\/media?parent=3"}],"curies":[{"name":"wp","href":"https:\/\/api.w.org\/{rel}","templated":true}]}}